{"id":15529,"date":"2022-08-17T20:17:37","date_gmt":"2022-08-17T18:17:37","guid":{"rendered":"https:\/\/happyheroes.happystaging.de\/gesundheit-und-sport\/"},"modified":"2024-02-06T19:46:43","modified_gmt":"2024-02-06T18:46:43","slug":"health-and-sports","status":"publish","type":"page","link":"https:\/\/happyheroes.happystaging.de\/en\/health-and-sports\/","title":{"rendered":"Health &#038; Sports"},"content":{"rendered":"","protected":false},"excerpt":{"rendered":"","protected":false},"author":2,"featured_media":15262,"parent":0,"menu_order":0,"comment_status":"closed","ping_status":"closed","template":"template-gesundheit-sport.php","meta":{"_acf_changed":false,"footnotes":""},"class_list":["post-15529","page","type-page","status-publish","has-post-thumbnail","hentry"],"acf":[],"yoast_head":"<!-- This site is optimized with the Yoast SEO plugin v27.3 - https:\/\/yoast.com\/product\/yoast-seo-wordpress\/ -->\n<title>Gesundheit, Sport &amp; Wellness Marketing | Happy Heroes Online Marketing<\/title>\n<meta name=\"description\" content=\"Happy Heroes ist spezialisiert auf Online Marketing f\u00fcr Gesundheitsdienstleister, Sportst\u00e4tten &amp; Wellnessbetriebe. Klicken Sie hier f\u00fcr mehr Informationen!\" \/>\n<meta name=\"robots\" content=\"noindex, follow, max-snippet:-1, max-image-preview:large, max-video-preview:-1\" \/>\n<meta property=\"og:locale\" content=\"en_US\" \/>\n<meta property=\"og:type\" content=\"article\" \/>\n<meta property=\"og:title\" content=\"Gesundheit, Sport &amp; Wellness Marketing | Happy Heroes Online Marketing\" \/>\n<meta property=\"og:description\" content=\"Happy Heroes ist spezialisiert auf Online Marketing f\u00fcr Gesundheitsdienstleister, Sportst\u00e4tten &amp; Wellnessbetriebe. Klicken Sie hier f\u00fcr mehr Informationen!\" \/>\n<meta property=\"og:url\" content=\"https:\/\/happyheroes.happystaging.de\/en\/health-and-sports\/\" \/>\n<meta property=\"og:site_name\" content=\"Happy Heroes\" \/>\n<meta property=\"article:publisher\" content=\"https:\/\/www.facebook.com\/HappyHeroesAgency\/\" \/>\n<meta property=\"article:modified_time\" content=\"2024-02-06T18:46:43+00:00\" \/>\n<meta property=\"og:image\" content=\"https:\/\/happyheroes.happystaging.de\/wp-content\/uploads\/2023\/04\/gesundheit-und-sport-cover.jpg\" \/>\n\t<meta property=\"og:image:width\" content=\"667\" \/>\n\t<meta property=\"og:image:height\" content=\"766\" \/>\n\t<meta property=\"og:image:type\" content=\"image\/jpeg\" \/>\n<meta name=\"twitter:card\" content=\"summary_large_image\" \/>\n<meta name=\"twitter:label1\" content=\"Est. reading time\" \/>\n\t<meta name=\"twitter:data1\" content=\"1 minute\" \/>\n<script type=\"application\/ld+json\" class=\"yoast-schema-graph\">{\"@context\":\"https:\\\/\\\/schema.org\",\"@graph\":[{\"@type\":\"WebPage\",\"@id\":\"https:\\\/\\\/happyheroes.happystaging.de\\\/en\\\/health-and-sports\\\/\",\"url\":\"https:\\\/\\\/happyheroes.happystaging.de\\\/en\\\/health-and-sports\\\/\",\"name\":\"Gesundheit, Sport & Wellness Marketing | Happy Heroes Online Marketing\",\"isPartOf\":{\"@id\":\"https:\\\/\\\/happyheroes.happystaging.de\\\/en\\\/#website\"},\"primaryImageOfPage\":{\"@id\":\"https:\\\/\\\/happyheroes.happystaging.de\\\/en\\\/health-and-sports\\\/#primaryimage\"},\"image\":{\"@id\":\"https:\\\/\\\/happyheroes.happystaging.de\\\/en\\\/health-and-sports\\\/#primaryimage\"},\"thumbnailUrl\":\"https:\\\/\\\/happyheroes.happystaging.de\\\/wp-content\\\/uploads\\\/2023\\\/04\\\/gesundheit-und-sport-cover.jpg\",\"datePublished\":\"2022-08-17T18:17:37+00:00\",\"dateModified\":\"2024-02-06T18:46:43+00:00\",\"description\":\"Happy Heroes ist spezialisiert auf Online Marketing f\u00fcr Gesundheitsdienstleister, Sportst\u00e4tten & Wellnessbetriebe. Klicken Sie hier f\u00fcr mehr Informationen!\",\"breadcrumb\":{\"@id\":\"https:\\\/\\\/happyheroes.happystaging.de\\\/en\\\/health-and-sports\\\/#breadcrumb\"},\"inLanguage\":\"en-US\",\"potentialAction\":[{\"@type\":\"ReadAction\",\"target\":[\"https:\\\/\\\/happyheroes.happystaging.de\\\/en\\\/health-and-sports\\\/\"]}]},{\"@type\":\"ImageObject\",\"inLanguage\":\"en-US\",\"@id\":\"https:\\\/\\\/happyheroes.happystaging.de\\\/en\\\/health-and-sports\\\/#primaryimage\",\"url\":\"https:\\\/\\\/happyheroes.happystaging.de\\\/wp-content\\\/uploads\\\/2023\\\/04\\\/gesundheit-und-sport-cover.jpg\",\"contentUrl\":\"https:\\\/\\\/happyheroes.happystaging.de\\\/wp-content\\\/uploads\\\/2023\\\/04\\\/gesundheit-und-sport-cover.jpg\",\"width\":667,\"height\":766},{\"@type\":\"BreadcrumbList\",\"@id\":\"https:\\\/\\\/happyheroes.happystaging.de\\\/en\\\/health-and-sports\\\/#breadcrumb\",\"itemListElement\":[{\"@type\":\"ListItem\",\"position\":1,\"name\":\"Home\",\"item\":\"https:\\\/\\\/happyheroes.happystaging.de\\\/en\\\/\"},{\"@type\":\"ListItem\",\"position\":2,\"name\":\"Health &#038; Sports\"}]},{\"@type\":\"WebSite\",\"@id\":\"https:\\\/\\\/happyheroes.happystaging.de\\\/en\\\/#website\",\"url\":\"https:\\\/\\\/happyheroes.happystaging.de\\\/en\\\/\",\"name\":\"Happy Heroes\",\"description\":\"Heroic digital marketing \u2713SEO \u2713SEA \u2713Social Media \u2713Web design \u25bbSecure an offer now!\",\"publisher\":{\"@id\":\"https:\\\/\\\/happyheroes.happystaging.de\\\/en\\\/#organization\"},\"alternateName\":\"Online Marketing Agentur Berlin | Happy Heroes\",\"potentialAction\":[{\"@type\":\"SearchAction\",\"target\":{\"@type\":\"EntryPoint\",\"urlTemplate\":\"https:\\\/\\\/happyheroes.happystaging.de\\\/en\\\/?s={search_term_string}\"},\"query-input\":{\"@type\":\"PropertyValueSpecification\",\"valueRequired\":true,\"valueName\":\"search_term_string\"}}],\"inLanguage\":\"en-US\"},{\"@type\":\"Organization\",\"@id\":\"https:\\\/\\\/happyheroes.happystaging.de\\\/en\\\/#organization\",\"name\":\"Happy Heroes GmbH\",\"alternateName\":\"Online Marketing Agentur Berlin | Happy Heroes GmbH\",\"url\":\"https:\\\/\\\/happyheroes.happystaging.de\\\/en\\\/\",\"logo\":{\"@type\":\"ImageObject\",\"inLanguage\":\"en-US\",\"@id\":\"https:\\\/\\\/happyheroes.happystaging.de\\\/en\\\/#\\\/schema\\\/logo\\\/image\\\/\",\"url\":\"https:\\\/\\\/happyheroes.happystaging.de\\\/wp-content\\\/uploads\\\/2022\\\/09\\\/logo.png\",\"contentUrl\":\"https:\\\/\\\/happyheroes.happystaging.de\\\/wp-content\\\/uploads\\\/2022\\\/09\\\/logo.png\",\"width\":247,\"height\":90,\"caption\":\"Happy Heroes GmbH\"},\"image\":{\"@id\":\"https:\\\/\\\/happyheroes.happystaging.de\\\/en\\\/#\\\/schema\\\/logo\\\/image\\\/\"},\"sameAs\":[\"https:\\\/\\\/www.facebook.com\\\/HappyHeroesAgency\\\/\",\"https:\\\/\\\/www.linkedin.com\\\/company\\\/happy-heroes-gmbh\\\/\"]}]}<\/script>\n<!-- \/ Yoast SEO plugin. -->","yoast_head_json":{"title":"Gesundheit, Sport & Wellness Marketing | Happy Heroes Online Marketing","description":"Happy Heroes ist spezialisiert auf Online Marketing f\u00fcr Gesundheitsdienstleister, Sportst\u00e4tten & Wellnessbetriebe. Klicken Sie hier f\u00fcr mehr Informationen!","robots":{"index":"noindex","follow":"follow","max-snippet":"max-snippet:-1","max-image-preview":"max-image-preview:large","max-video-preview":"max-video-preview:-1"},"og_locale":"en_US","og_type":"article","og_title":"Gesundheit, Sport & Wellness Marketing | Happy Heroes Online Marketing","og_description":"Happy Heroes ist spezialisiert auf Online Marketing f\u00fcr Gesundheitsdienstleister, Sportst\u00e4tten & Wellnessbetriebe. Klicken Sie hier f\u00fcr mehr Informationen!","og_url":"https:\/\/happyheroes.happystaging.de\/en\/health-and-sports\/","og_site_name":"Happy Heroes","article_publisher":"https:\/\/www.facebook.com\/HappyHeroesAgency\/","article_modified_time":"2024-02-06T18:46:43+00:00","og_image":[{"width":667,"height":766,"url":"https:\/\/happyheroes.happystaging.de\/wp-content\/uploads\/2023\/04\/gesundheit-und-sport-cover.jpg","type":"image\/jpeg"}],"twitter_card":"summary_large_image","twitter_misc":{"Est. reading time":"1 minute"},"schema":{"@context":"https:\/\/schema.org","@graph":[{"@type":"WebPage","@id":"https:\/\/happyheroes.happystaging.de\/en\/health-and-sports\/","url":"https:\/\/happyheroes.happystaging.de\/en\/health-and-sports\/","name":"Gesundheit, Sport & Wellness Marketing | Happy Heroes Online Marketing","isPartOf":{"@id":"https:\/\/happyheroes.happystaging.de\/en\/#website"},"primaryImageOfPage":{"@id":"https:\/\/happyheroes.happystaging.de\/en\/health-and-sports\/#primaryimage"},"image":{"@id":"https:\/\/happyheroes.happystaging.de\/en\/health-and-sports\/#primaryimage"},"thumbnailUrl":"https:\/\/happyheroes.happystaging.de\/wp-content\/uploads\/2023\/04\/gesundheit-und-sport-cover.jpg","datePublished":"2022-08-17T18:17:37+00:00","dateModified":"2024-02-06T18:46:43+00:00","description":"Happy Heroes ist spezialisiert auf Online Marketing f\u00fcr Gesundheitsdienstleister, Sportst\u00e4tten & Wellnessbetriebe. Klicken Sie hier f\u00fcr mehr Informationen!","breadcrumb":{"@id":"https:\/\/happyheroes.happystaging.de\/en\/health-and-sports\/#breadcrumb"},"inLanguage":"en-US","potentialAction":[{"@type":"ReadAction","target":["https:\/\/happyheroes.happystaging.de\/en\/health-and-sports\/"]}]},{"@type":"ImageObject","inLanguage":"en-US","@id":"https:\/\/happyheroes.happystaging.de\/en\/health-and-sports\/#primaryimage","url":"https:\/\/happyheroes.happystaging.de\/wp-content\/uploads\/2023\/04\/gesundheit-und-sport-cover.jpg","contentUrl":"https:\/\/happyheroes.happystaging.de\/wp-content\/uploads\/2023\/04\/gesundheit-und-sport-cover.jpg","width":667,"height":766},{"@type":"BreadcrumbList","@id":"https:\/\/happyheroes.happystaging.de\/en\/health-and-sports\/#breadcrumb","itemListElement":[{"@type":"ListItem","position":1,"name":"Home","item":"https:\/\/happyheroes.happystaging.de\/en\/"},{"@type":"ListItem","position":2,"name":"Health &#038; Sports"}]},{"@type":"WebSite","@id":"https:\/\/happyheroes.happystaging.de\/en\/#website","url":"https:\/\/happyheroes.happystaging.de\/en\/","name":"Happy Heroes","description":"Heroic digital marketing \u2713SEO \u2713SEA \u2713Social Media \u2713Web design \u25bbSecure an offer now!","publisher":{"@id":"https:\/\/happyheroes.happystaging.de\/en\/#organization"},"alternateName":"Online Marketing Agentur Berlin | Happy Heroes","potentialAction":[{"@type":"SearchAction","target":{"@type":"EntryPoint","urlTemplate":"https:\/\/happyheroes.happystaging.de\/en\/?s={search_term_string}"},"query-input":{"@type":"PropertyValueSpecification","valueRequired":true,"valueName":"search_term_string"}}],"inLanguage":"en-US"},{"@type":"Organization","@id":"https:\/\/happyheroes.happystaging.de\/en\/#organization","name":"Happy Heroes GmbH","alternateName":"Online Marketing Agentur Berlin | Happy Heroes GmbH","url":"https:\/\/happyheroes.happystaging.de\/en\/","logo":{"@type":"ImageObject","inLanguage":"en-US","@id":"https:\/\/happyheroes.happystaging.de\/en\/#\/schema\/logo\/image\/","url":"https:\/\/happyheroes.happystaging.de\/wp-content\/uploads\/2022\/09\/logo.png","contentUrl":"https:\/\/happyheroes.happystaging.de\/wp-content\/uploads\/2022\/09\/logo.png","width":247,"height":90,"caption":"Happy Heroes GmbH"},"image":{"@id":"https:\/\/happyheroes.happystaging.de\/en\/#\/schema\/logo\/image\/"},"sameAs":["https:\/\/www.facebook.com\/HappyHeroesAgency\/","https:\/\/www.linkedin.com\/company\/happy-heroes-gmbh\/"]}]}},"_links":{"self":[{"href":"https:\/\/happyheroes.happystaging.de\/en\/wp-json\/wp\/v2\/pages\/15529","targetHints":{"allow":["GET"]}}],"collection":[{"href":"https:\/\/happyheroes.happystaging.de\/en\/wp-json\/wp\/v2\/pages"}],"about":[{"href":"https:\/\/happyheroes.happystaging.de\/en\/wp-json\/wp\/v2\/types\/page"}],"author":[{"embeddable":true,"href":"https:\/\/happyheroes.happystaging.de\/en\/wp-json\/wp\/v2\/users\/2"}],"replies":[{"embeddable":true,"href":"https:\/\/happyheroes.happystaging.de\/en\/wp-json\/wp\/v2\/comments?post=15529"}],"version-history":[{"count":0,"href":"https:\/\/happyheroes.happystaging.de\/en\/wp-json\/wp\/v2\/pages\/15529\/revisions"}],"wp:featuredmedia":[{"embeddable":true,"href":"https:\/\/happyheroes.happystaging.de\/en\/wp-json\/wp\/v2\/media\/15262"}],"wp:attachment":[{"href":"https:\/\/happyheroes.happystaging.de\/en\/wp-json\/wp\/v2\/media?parent=15529"}],"curies":[{"name":"wp","href":"https:\/\/api.w.org\/{rel}","templated":true}]}}